{"id":696,"date":"2020-08-24T15:10:36","date_gmt":"2020-08-24T15:10:36","guid":{"rendered":"http:\/\/www.domingosanchez3d.es\/?page_id=696"},"modified":"2020-11-08T13:07:28","modified_gmt":"2020-11-08T13:07:28","slug":"render-3d-2","status":"publish","type":"page","link":"http:\/\/guiasytutoriales.es\/disenowebglobal\/websclientes\/domingosanchez3d\/render-3d-2\/","title":{"rendered":"Render 3D"},"content":{"rendered":"<div id=\"pl-696\"  class=\"panel-layout\" ><div id=\"pg-696-0\"  class=\"panel-grid panel-no-style\" ><div id=\"pgc-696-0-0\"  class=\"panel-grid-cell\" ><div id=\"panel-696-0-0-0\" class=\"so-panel widget widget_sow-editor panel-first-child panel-last-child\" data-index=\"0\" ><div class=\"so-widget-sow-editor so-widget-sow-editor-base\">\n<div class=\"siteorigin-widget-tinymce textwidget\">\n\t<h3><strong>1.- Definici\u00f3n<\/strong><\/h3>\n<p>El <strong>render<\/strong> es un proceso digital que aporta realismo a los dise\u00f1os 3D. Este proceso se realiza empleando aplicaciones inform\u00e1ticas. La renderizaci\u00f3n puede ser leve o intensa, y tambi\u00e9n est\u00e1tica (imagen) o din\u00e1mica (animaciones). El renderizado leve suele realizarse con los mismos programas de dise\u00f1o 3D, incorporando al modelo texturas, iluminaci\u00f3n, sombras, ocultando sus aristas\u2026 Para un render m\u00e1s intenso se emplean programas inform\u00e1ticos espec\u00edficos.<\/p>\n<h3><strong>2.- Aplicaciones inform\u00e1ticas<\/strong><\/h3>\n<p>Hay gran variedad entre las aplicaciones inform\u00e1ticas de renderizado. La mayor\u00eda de ellas precisan instalaci\u00f3n en el ordenador y presentan requerimientos importantes de sistema operativo, memoria RAM, microprocesador y, sobre todo, tarjeta gr\u00e1fica. Cada una de las empresas desarrolladoras indica las caracter\u00edsticas t\u00e9cnicas necesarias en los equipos para poder instalar su software. Por estos condicionamientos, el excesivo consumo de tiempo y recursos para la renderizaci\u00f3n en la industria de la animaci\u00f3n, est\u00e1n surgiendo motores de renderizado en l\u00ednea.<\/p>\n<\/div>\n<\/div><\/div><\/div><\/div><div id=\"pg-696-1\"  class=\"panel-grid panel-no-style\" ><div id=\"pgc-696-1-0\"  class=\"panel-grid-cell\" ><div id=\"panel-696-1-0-0\" class=\"so-panel widget widget_media_image panel-first-child panel-last-child\" data-index=\"1\" ><img loading=\"lazy\" decoding=\"async\" width=\"750\" height=\"155\" src=\"http:\/\/guiasytutoriales.es\/disenowebglobal\/websclientes\/domingosanchez3d\/wp-content\/uploads\/2020\/08\/Tabla_Render.jpg\" class=\"image wp-image-702  attachment-full size-full\" alt=\"Tabla con diferentes aplicaciones inform\u00e1ticas para Render 3D\" style=\"max-width: 100%; height: auto;\" srcset=\"http:\/\/guiasytutoriales.es\/disenowebglobal\/websclientes\/domingosanchez3d\/wp-content\/uploads\/2020\/08\/Tabla_Render.jpg 750w, http:\/\/guiasytutoriales.es\/disenowebglobal\/websclientes\/domingosanchez3d\/wp-content\/uploads\/2020\/08\/Tabla_Render-300x62.jpg 300w, http:\/\/guiasytutoriales.es\/disenowebglobal\/websclientes\/domingosanchez3d\/wp-content\/uploads\/2020\/08\/Tabla_Render-400x83.jpg 400w, http:\/\/guiasytutoriales.es\/disenowebglobal\/websclientes\/domingosanchez3d\/wp-content\/uploads\/2020\/08\/Tabla_Render-430x89.jpg 430w, http:\/\/guiasytutoriales.es\/disenowebglobal\/websclientes\/domingosanchez3d\/wp-content\/uploads\/2020\/08\/Tabla_Render-150x31.jpg 150w, http:\/\/guiasytutoriales.es\/disenowebglobal\/websclientes\/domingosanchez3d\/wp-content\/uploads\/2020\/08\/Tabla_Render-100x21.jpg 100w\" sizes=\"auto, (max-width: 750px) 100vw, 750px\" \/><\/div><\/div><\/div><div id=\"pg-696-2\"  class=\"panel-grid panel-no-style\" ><div id=\"pgc-696-2-0\"  class=\"panel-grid-cell\" ><div id=\"panel-696-2-0-0\" class=\"so-panel widget widget_sow-editor panel-first-child panel-last-child\" data-index=\"2\" ><div class=\"so-widget-sow-editor so-widget-sow-editor-base\">\n<div class=\"siteorigin-widget-tinymce textwidget\">\n\t<p>Tabla con algunas aplicaciones inform\u00e1ticas para renderizar<\/p>\n<p>Unas aplicaciones destacan por su calidad de renderizado con productos para el marketing, otras por sus resultados en interiores, arquitectura, piel, cabello, rapidez de procesado, relaci\u00f3n calidad\/precio, soporte para formatos 3D, facilidad de manejo\u2026 Por tanto, es dif\u00edcil establecer un ranking. A continuaci\u00f3n, describo someramente tres de ellas.<\/p>\n<p><strong>ArchiKlip<\/strong> permite renderizar archivos 3D sin disponer de equipos inform\u00e1ticos con grandes prestaciones en tarjeta gr\u00e1fica y microprocesador. El proceso se efect\u00faa en l\u00ednea, necesita cuenta de usuario, establecer las escenas previamente, cargar el archivo 3D, seleccionar audio y esperar los resultados. Se consiguen buenos efectos de refracci\u00f3n y reflexi\u00f3n de luz. Disponible con licencia profesional o educativa. <strong>Twinmotion<\/strong> es uno de los mejores motores de renderizado en tiempo real que hay en el mercado. Posee una curva r\u00e1pida de aprendizaje. Requiere buenas prestaciones del equipo inform\u00e1tico en cuanto a tarjeta gr\u00e1fica y microprocesador, aunque no es limitante. Esto se debe a que durante la edici\u00f3n puede trabajarse con calidad baja o media, si fuera necesario. Muy buenos resultados con paisajes, entornos urbanos, animando personajes\u2026, y creando ambientes tanto de interior como exterior. Disponible con licencia profesional o educativa.<\/p>\n<p><strong>Mandelbulber <\/strong>es un programa gratuito de <em>Fractal Forums<\/em> que renderiza fractales 3D. Efect\u00faa renderizado est\u00e1tico y din\u00e1mico. Los fractales 3D pueden realizarse con diferentes aplicaciones (<a href=\"https:\/\/www.cadnav.com\/software\/view-46041.html\" target=\"_blank\" rel=\"noopener noreferrer\">ver enlace<\/a>), aunque los mismos creadores de Maldelbulber han desarrollado Mandelbulb 3D (MB3D). MB3D genera y renderiza fractales 3D, aunque el renderizado din\u00e1mico de m\u00e1s de 2 fotogramas clave suele ser lento. Para instalar MB3D (<a href=\"https:\/\/www.mandelbulb.com\/2014\/mandelbulb-3d-mb3d-fractal-rendering-software\/\" target=\"_blank\" rel=\"noopener noreferrer\">ir a enlace de descarga<\/a>) se descarga un archivo comprimido, se descomprime, se ejecuta como administrador el <em>Mandelbulb3D.exe<\/em> y se reinicia el ordenador. Su funcionamiento se describe en este v\u00eddeotutorial (<a href=\"https:\/\/youtu.be\/SrYleARdKQM\" target=\"_blank\" rel=\"noopener noreferrer\">enlace a tutorial de MB3D<\/a>). Por otra parte, Mandelbulber requiere instalaci\u00f3n. Ambas aplicaciones dan forma tridimensional a los conjuntos de Mandelbrot, permitiendo su hibridaci\u00f3n con otras ecuaciones para realizar transformaciones de plegado y creaci\u00f3n de simetr\u00eda. Se produce digitalmente arte mandelm\u00f3rfico.<\/p>\n<\/div>\n<\/div><\/div><\/div><\/div><div id=\"pg-696-3\"  class=\"panel-grid panel-no-style\" ><div id=\"pgc-696-3-0\"  class=\"panel-grid-cell\" ><div id=\"panel-696-3-0-0\" class=\"so-panel widget widget_sow-image panel-first-child panel-last-child\" data-index=\"3\" ><div class=\"panel-widget-style panel-widget-style-for-696-3-0-0\" ><div class=\"so-widget-sow-image so-widget-sow-image-default-4b231843ec72\">\n\n<div class=\"sow-image-container\">\n<a href=\"https:\/\/www.archiklip.com\/\" target=\"_blank\" rel=\"noopener noreferrer\" >\t<img loading=\"lazy\" decoding=\"async\" src=\"http:\/\/guiasytutoriales.es\/disenowebglobal\/websclientes\/domingosanchez3d\/wp-content\/uploads\/2020\/08\/Logo_ArchiKlip_01.jpg\" width=\"412\" height=\"183\" srcset=\"http:\/\/guiasytutoriales.es\/disenowebglobal\/websclientes\/domingosanchez3d\/wp-content\/uploads\/2020\/08\/Logo_ArchiKlip_01.jpg 412w, http:\/\/guiasytutoriales.es\/disenowebglobal\/websclientes\/domingosanchez3d\/wp-content\/uploads\/2020\/08\/Logo_ArchiKlip_01-300x133.jpg 300w, http:\/\/guiasytutoriales.es\/disenowebglobal\/websclientes\/domingosanchez3d\/wp-content\/uploads\/2020\/08\/Logo_ArchiKlip_01-400x178.jpg 400w, http:\/\/guiasytutoriales.es\/disenowebglobal\/websclientes\/domingosanchez3d\/wp-content\/uploads\/2020\/08\/Logo_ArchiKlip_01-150x67.jpg 150w, http:\/\/guiasytutoriales.es\/disenowebglobal\/websclientes\/domingosanchez3d\/wp-content\/uploads\/2020\/08\/Logo_ArchiKlip_01-100x44.jpg 100w\" sizes=\"auto, (max-width: 412px) 100vw, 412px\" alt=\"Logo de ArchiKlip en Domingo S\u00e1nchez 3D\" \t\tclass=\"so-widget-image\"\/>\n<\/a><\/div>\n\n<\/div><\/div><\/div><\/div><div id=\"pgc-696-3-1\"  class=\"panel-grid-cell\" ><div id=\"panel-696-3-1-0\" class=\"so-panel widget widget_sow-image panel-first-child panel-last-child\" data-index=\"4\" ><div class=\"panel-widget-style panel-widget-style-for-696-3-1-0\" ><div class=\"so-widget-sow-image so-widget-sow-image-default-4b231843ec72\">\n\n<div class=\"sow-image-container\">\n<a href=\"https:\/\/www.iscarnet.com\/twinmotion\/\" target=\"_blank\" rel=\"noopener noreferrer\" >\t<img loading=\"lazy\" decoding=\"async\" src=\"http:\/\/guiasytutoriales.es\/disenowebglobal\/websclientes\/domingosanchez3d\/wp-content\/uploads\/2020\/08\/Logo_Twinmotion_01.jpg\" width=\"412\" height=\"184\" srcset=\"http:\/\/guiasytutoriales.es\/disenowebglobal\/websclientes\/domingosanchez3d\/wp-content\/uploads\/2020\/08\/Logo_Twinmotion_01.jpg 412w, http:\/\/guiasytutoriales.es\/disenowebglobal\/websclientes\/domingosanchez3d\/wp-content\/uploads\/2020\/08\/Logo_Twinmotion_01-300x134.jpg 300w, http:\/\/guiasytutoriales.es\/disenowebglobal\/websclientes\/domingosanchez3d\/wp-content\/uploads\/2020\/08\/Logo_Twinmotion_01-400x179.jpg 400w, http:\/\/guiasytutoriales.es\/disenowebglobal\/websclientes\/domingosanchez3d\/wp-content\/uploads\/2020\/08\/Logo_Twinmotion_01-150x67.jpg 150w, http:\/\/guiasytutoriales.es\/disenowebglobal\/websclientes\/domingosanchez3d\/wp-content\/uploads\/2020\/08\/Logo_Twinmotion_01-100x45.jpg 100w\" sizes=\"auto, (max-width: 412px) 100vw, 412px\" alt=\"Logo de Twinmotion en Domingo S\u00e1nchez 3D\" \t\tclass=\"so-widget-image\"\/>\n<\/a><\/div>\n\n<\/div><\/div><\/div><\/div><div id=\"pgc-696-3-2\"  class=\"panel-grid-cell\" ><div id=\"panel-696-3-2-0\" class=\"so-panel widget widget_sow-image panel-first-child panel-last-child\" data-index=\"5\" ><div class=\"panel-widget-style panel-widget-style-for-696-3-2-0\" ><div class=\"so-widget-sow-image so-widget-sow-image-default-4b231843ec72\">\n\n<div class=\"sow-image-container\">\n<a href=\"https:\/\/sourceforge.net\/projects\/mandelbulber\/files\/Mandelbulber%20v2\/\" target=\"_blank\" rel=\"noopener noreferrer\" >\t<img loading=\"lazy\" decoding=\"async\" src=\"http:\/\/guiasytutoriales.es\/disenowebglobal\/websclientes\/domingosanchez3d\/wp-content\/uploads\/2020\/08\/Logo_Mandelbulber_01.jpg\" width=\"412\" height=\"181\" srcset=\"http:\/\/guiasytutoriales.es\/disenowebglobal\/websclientes\/domingosanchez3d\/wp-content\/uploads\/2020\/08\/Logo_Mandelbulber_01.jpg 412w, http:\/\/guiasytutoriales.es\/disenowebglobal\/websclientes\/domingosanchez3d\/wp-content\/uploads\/2020\/08\/Logo_Mandelbulber_01-300x132.jpg 300w, http:\/\/guiasytutoriales.es\/disenowebglobal\/websclientes\/domingosanchez3d\/wp-content\/uploads\/2020\/08\/Logo_Mandelbulber_01-400x176.jpg 400w, http:\/\/guiasytutoriales.es\/disenowebglobal\/websclientes\/domingosanchez3d\/wp-content\/uploads\/2020\/08\/Logo_Mandelbulber_01-150x66.jpg 150w, http:\/\/guiasytutoriales.es\/disenowebglobal\/websclientes\/domingosanchez3d\/wp-content\/uploads\/2020\/08\/Logo_Mandelbulber_01-100x44.jpg 100w\" sizes=\"auto, (max-width: 412px) 100vw, 412px\" alt=\"Logo de Mandelbulber en Domingo S\u00e1nchez 3D\" \t\tclass=\"so-widget-image\"\/>\n<\/a><\/div>\n\n<\/div><\/div><\/div><\/div><\/div><div id=\"pg-696-4\"  class=\"panel-grid panel-no-style\" ><div id=\"pgc-696-4-0\"  class=\"panel-grid-cell\" ><div id=\"panel-696-4-0-0\" class=\"so-panel widget widget_sow-editor panel-first-child panel-last-child\" data-index=\"6\" ><div class=\"so-widget-sow-editor so-widget-sow-editor-base\">\n<div class=\"siteorigin-widget-tinymce textwidget\">\n\t<h3><strong>3.- Renderizaciones<\/strong><\/h3>\n<p>Os presento unos v\u00eddeos de renderizado. Para los dise\u00f1os 3D he utilizado SketchUp Pro 2018, y as\u00ed poder trabajar con la extensi\u00f3n MSPhysics de Anton Synytsia, y en otros SketchUp Pro 2020. Dependiendo de los casos, el renderizado ha sido leve con SketchUp, en l\u00ednea con ArchiKlip o con el potencial de Twinmotion. Espero que os gusten.<\/p>\n<\/div>\n<\/div><\/div><\/div><\/div><div id=\"pg-696-5\"  class=\"panel-grid panel-no-style\" ><div id=\"pgc-696-5-0\"  class=\"panel-grid-cell\" ><div id=\"panel-696-5-0-0\" class=\"so-panel widget widget_text panel-first-child\" data-index=\"7\" >\t\t\t<div class=\"textwidget\"><p><iframe title=\"Render 01. Homenaje a las UCI. Simulaci\u00f3n 3D. SketchUp. MSPhysics.\" src=\"https:\/\/www.youtube.com\/embed\/rDTiNCrvzeA?feature=oembed\" frameborder=\"0\" allow=\"accelerometer; autoplay; encrypted-media; gyroscope; picture-in-picture\" allowfullscreen><\/iframe><\/p>\n<\/div>\n\t\t<\/div><div id=\"panel-696-5-0-1\" class=\"so-panel widget widget_text panel-last-child\" data-index=\"8\" >\t\t\t<div class=\"textwidget\"><p><iframe title=\"Render 03. Camino. SketchUp. Twinmotion.\" src=\"https:\/\/www.youtube.com\/embed\/PxKn3R_4Jd0?feature=oembed\" frameborder=\"0\" allow=\"accelerometer; autoplay; encrypted-media; gyroscope; picture-in-picture\" allowfullscreen><\/iframe><\/p>\n<\/div>\n\t\t<\/div><\/div><div id=\"pgc-696-5-1\"  class=\"panel-grid-cell\" ><div id=\"panel-696-5-1-0\" class=\"so-panel widget widget_text panel-first-child\" data-index=\"9\" >\t\t\t<div class=\"textwidget\"><p><iframe title=\"Render 02. Luchadores. SketchUp. ArchiKlip.\" src=\"https:\/\/www.youtube.com\/embed\/2xwXN9hHSXQ?feature=oembed\" frameborder=\"0\" allow=\"accelerometer; autoplay; encrypted-media; gyroscope; picture-in-picture\" allowfullscreen><\/iframe><\/p>\n<\/div>\n\t\t<\/div><div id=\"panel-696-5-1-1\" class=\"so-panel widget widget_text panel-last-child\" data-index=\"10\" >\t\t\t<div class=\"textwidget\"><p><iframe title=\"Render 04. M\u00f3vil iario. SketchUp. ArchiKlip. 3skeng.\" src=\"https:\/\/www.youtube.com\/embed\/pNON_90KhGs?feature=oembed\" frameborder=\"0\" allow=\"accelerometer; autoplay; clipboard-write; encrypted-media; gyroscope; picture-in-picture\" allowfullscreen><\/iframe><\/p>\n<\/div>\n\t\t<\/div><\/div><\/div><div id=\"pg-696-6\"  class=\"panel-grid panel-no-style\" ><div id=\"pgc-696-6-0\"  class=\"panel-grid-cell\" ><div id=\"panel-696-6-0-0\" class=\"so-panel widget widget_sow-editor panel-first-child panel-last-child\" data-index=\"11\" ><div class=\"so-widget-sow-editor so-widget-sow-editor-base\">\n<div class=\"siteorigin-widget-tinymce textwidget\">\n\t<p style=\"text-align: right;\"><em><strong data-rich-text-format-boundary=\"true\">Domingo S\u00e1nchez<\/strong><\/em><br data-rich-text-line-break=\"true\" \/>Ingeniero Industrial<br data-rich-text-line-break=\"true\" \/>M\u00e1ster en Sistemas Inteligentes<br data-rich-text-line-break=\"true\" \/>Experto Universitario en Rob\u00f3tica, Programaci\u00f3n e Impresi\u00f3n 3D<\/p>\n<\/div>\n<\/div><\/div><\/div><\/div><\/div>","protected":false},"excerpt":{"rendered":"<p>1.- Definici\u00f3n El render es un proceso digital que aporta realismo a los dise\u00f1os 3D. Este proceso se realiza empleando aplicaciones inform\u00e1ticas. La renderizaci\u00f3n puede ser leve o intensa, y [&hellip;]<\/p>\n","protected":false},"author":2,"featured_media":655,"parent":0,"menu_order":0,"comment_status":"closed","ping_status":"closed","template":"","meta":{"footnotes":""},"class_list":["post-696","page","type-page","status-publish","has-post-thumbnail","hentry"],"_links":{"self":[{"href":"http:\/\/guiasytutoriales.es\/disenowebglobal\/websclientes\/domingosanchez3d\/wp-json\/wp\/v2\/pages\/696","targetHints":{"allow":["GET"]}}],"collection":[{"href":"http:\/\/guiasytutoriales.es\/disenowebglobal\/websclientes\/domingosanchez3d\/wp-json\/wp\/v2\/pages"}],"about":[{"href":"http:\/\/guiasytutoriales.es\/disenowebglobal\/websclientes\/domingosanchez3d\/wp-json\/wp\/v2\/types\/page"}],"author":[{"embeddable":true,"href":"http:\/\/guiasytutoriales.es\/disenowebglobal\/websclientes\/domingosanchez3d\/wp-json\/wp\/v2\/users\/2"}],"replies":[{"embeddable":true,"href":"http:\/\/guiasytutoriales.es\/disenowebglobal\/websclientes\/domingosanchez3d\/wp-json\/wp\/v2\/comments?post=696"}],"version-history":[{"count":69,"href":"http:\/\/guiasytutoriales.es\/disenowebglobal\/websclientes\/domingosanchez3d\/wp-json\/wp\/v2\/pages\/696\/revisions"}],"predecessor-version":[{"id":853,"href":"http:\/\/guiasytutoriales.es\/disenowebglobal\/websclientes\/domingosanchez3d\/wp-json\/wp\/v2\/pages\/696\/revisions\/853"}],"wp:featuredmedia":[{"embeddable":true,"href":"http:\/\/guiasytutoriales.es\/disenowebglobal\/websclientes\/domingosanchez3d\/wp-json\/wp\/v2\/media\/655"}],"wp:attachment":[{"href":"http:\/\/guiasytutoriales.es\/disenowebglobal\/websclientes\/domingosanchez3d\/wp-json\/wp\/v2\/media?parent=696"}],"curies":[{"name":"wp","href":"https:\/\/api.w.org\/{rel}","templated":true}]}}