{"id":44,"date":"2020-07-25T11:51:41","date_gmt":"2020-07-25T11:51:41","guid":{"rendered":"http:\/\/www.domingosanchez3d.guiasytutoriales.es\/?page_id=44"},"modified":"2020-08-02T12:27:22","modified_gmt":"2020-08-02T12:27:22","slug":"sobre-domingo","status":"publish","type":"page","link":"http:\/\/guiasytutoriales.es\/disenowebglobal\/websclientes\/domingosanchez3d\/sobre-domingo\/","title":{"rendered":"sobre Domingo"},"content":{"rendered":"\n<p>Trayectoria de Domingo S\u00e1nchez Boyero (Salamanca):<\/p>\n\n\n\n<ul class=\"wp-block-list\"><li>Ingeniero Superior Industrial por la ETSII de Valladolid.<\/li><li>Proyecto Fin de Carrera: \u201cProyecto de implantaci\u00f3n de un laboratorio acreditado de metrolog\u00eda y calibraci\u00f3n de presi\u00f3n en la ETSII de Valladolid, asociado a la Junta de Castilla y Le\u00f3n\u201d.<\/li><li>Consejero General por Impositores en la Asamblea General de una entidad bancaria.<\/li><li>Profesor de Rob\u00f3tica, Tecnolog\u00eda, TIC y Matem\u00e1ticas en un centro educativo de Secundaria.<\/li><li>Compositor y guitarrista.<\/li><li>M\u00e1ster en Sistemas Inteligentes por la Universidad de Salamanca.<\/li><li>Proyecto Fin de M\u00e1ster: \u201cLa Rob\u00f3tica en la educaci\u00f3n\u201d.<\/li><li>Cursos de formaci\u00f3n en programaci\u00f3n Crumble, EV3 LEGO y Arduino en Complubot.<\/li><li>Experto Universitario en Rob\u00f3tica, Programaci\u00f3n y Dise\u00f1o 3D por la UNIR.<\/li><li>Creador y miembro de la Comisi\u00f3n T\u00e9cnica del evento SALAMANCA ROBOTIZA.<\/li><li>Cursando el M\u00e1ster de Realidad Virtual y Aumentada en IMPLIKA-OBICEX.<\/li><\/ul>\n\n\n\n<p><\/p>\n","protected":false},"excerpt":{"rendered":"<p>Trayectoria de Domingo S\u00e1nchez Boyero (Salamanca): Ingeniero Superior Industrial por la ETSII de Valladolid. Proyecto Fin de Carrera: \u201cProyecto de implantaci\u00f3n de un laboratorio acreditado de metrolog\u00eda y calibraci\u00f3n de [&hellip;]<\/p>\n","protected":false},"author":1,"featured_media":0,"parent":0,"menu_order":0,"comment_status":"closed","ping_status":"closed","template":"","meta":{"footnotes":""},"class_list":["post-44","page","type-page","status-publish","hentry"],"_links":{"self":[{"href":"http:\/\/guiasytutoriales.es\/disenowebglobal\/websclientes\/domingosanchez3d\/wp-json\/wp\/v2\/pages\/44","targetHints":{"allow":["GET"]}}],"collection":[{"href":"http:\/\/guiasytutoriales.es\/disenowebglobal\/websclientes\/domingosanchez3d\/wp-json\/wp\/v2\/pages"}],"about":[{"href":"http:\/\/guiasytutoriales.es\/disenowebglobal\/websclientes\/domingosanchez3d\/wp-json\/wp\/v2\/types\/page"}],"author":[{"embeddable":true,"href":"http:\/\/guiasytutoriales.es\/disenowebglobal\/websclientes\/domingosanchez3d\/wp-json\/wp\/v2\/users\/1"}],"replies":[{"embeddable":true,"href":"http:\/\/guiasytutoriales.es\/disenowebglobal\/websclientes\/domingosanchez3d\/wp-json\/wp\/v2\/comments?post=44"}],"version-history":[{"count":7,"href":"http:\/\/guiasytutoriales.es\/disenowebglobal\/websclientes\/domingosanchez3d\/wp-json\/wp\/v2\/pages\/44\/revisions"}],"predecessor-version":[{"id":235,"href":"http:\/\/guiasytutoriales.es\/disenowebglobal\/websclientes\/domingosanchez3d\/wp-json\/wp\/v2\/pages\/44\/revisions\/235"}],"wp:attachment":[{"href":"http:\/\/guiasytutoriales.es\/disenowebglobal\/websclientes\/domingosanchez3d\/wp-json\/wp\/v2\/media?parent=44"}],"curies":[{"name":"wp","href":"https:\/\/api.w.org\/{rel}","templated":true}]}}