{"id":30,"date":"2020-07-25T11:31:32","date_gmt":"2020-07-25T11:31:32","guid":{"rendered":"http:\/\/www.domingosanchez3d.guiasytutoriales.es\/?page_id=30"},"modified":"2020-08-12T18:27:24","modified_gmt":"2020-08-12T18:27:24","slug":"robotica","status":"publish","type":"page","link":"http:\/\/guiasytutoriales.es\/disenowebglobal\/websclientes\/domingosanchez3d\/robotica\/","title":{"rendered":"Rob\u00f3tica"},"content":{"rendered":"\n<h2 class=\"wp-block-heading\">Partes de un Robot<\/h2>\n\n\n\n<p>La <strong>Rob\u00f3tica<\/strong> es una rama de las ingenier\u00edas mec\u00e1nica, el\u00e9ctrica, electr\u00f3nica, biom\u00e9dica y de las ciencias de la computaci\u00f3n, que se ocupa del dise\u00f1o, construcci\u00f3n, programaci\u00f3n y aplicaci\u00f3n de los robots. Un <strong>robot<\/strong> es un sistema mec\u00e1nico aut\u00f3nomo que posee inteligencia artificial. Est\u00e1 compuesto de estructura mec\u00e1nica, bater\u00eda, placa controladora, sensores y actuadores.<\/p>\n\n\n\n<figure class=\"wp-block-image size-large\"><img loading=\"lazy\" decoding=\"async\" width=\"435\" height=\"296\" src=\"http:\/\/www.domingosanchez3d.es\/wp-content\/uploads\/2020\/07\/partes-de-un-robot.jpg\" alt=\"\" class=\"wp-image-199\" srcset=\"http:\/\/guiasytutoriales.es\/disenowebglobal\/websclientes\/domingosanchez3d\/wp-content\/uploads\/2020\/07\/partes-de-un-robot.jpg 435w, http:\/\/guiasytutoriales.es\/disenowebglobal\/websclientes\/domingosanchez3d\/wp-content\/uploads\/2020\/07\/partes-de-un-robot-300x204.jpg 300w, http:\/\/guiasytutoriales.es\/disenowebglobal\/websclientes\/domingosanchez3d\/wp-content\/uploads\/2020\/07\/partes-de-un-robot-400x272.jpg 400w, http:\/\/guiasytutoriales.es\/disenowebglobal\/websclientes\/domingosanchez3d\/wp-content\/uploads\/2020\/07\/partes-de-un-robot-430x293.jpg 430w, http:\/\/guiasytutoriales.es\/disenowebglobal\/websclientes\/domingosanchez3d\/wp-content\/uploads\/2020\/07\/partes-de-un-robot-150x102.jpg 150w, http:\/\/guiasytutoriales.es\/disenowebglobal\/websclientes\/domingosanchez3d\/wp-content\/uploads\/2020\/07\/partes-de-un-robot-100x68.jpg 100w\" sizes=\"auto, (max-width: 435px) 100vw, 435px\" \/><figcaption>Partes de un robot<\/figcaption><\/figure>\n\n\n\n<h3 class=\"wp-block-heading\">1.- Armaz\u00f3n (esqueleto o chasis del robot)<\/h3>\n\n\n\n<p>El armaz\u00f3n es como el esqueleto de un ser humano. Es la parte que soporta los componentes que integran el robot. Se caracteriza por su robustez, tipo de material, facilidad de adaptaci\u00f3n y clase de trabajo a desempe\u00f1ar. Hay diferentes tipos de chasis:<\/p>\n\n\n\n<figure class=\"wp-block-image size-large\"><img loading=\"lazy\" decoding=\"async\" width=\"1024\" height=\"574\" src=\"http:\/\/www.domingosanchez3d.es\/wp-content\/uploads\/2020\/07\/tipos-de-chasis-robots-1024x574.jpg\" alt=\"\" class=\"wp-image-200\" srcset=\"http:\/\/guiasytutoriales.es\/disenowebglobal\/websclientes\/domingosanchez3d\/wp-content\/uploads\/2020\/07\/tipos-de-chasis-robots-1024x574.jpg 1024w, http:\/\/guiasytutoriales.es\/disenowebglobal\/websclientes\/domingosanchez3d\/wp-content\/uploads\/2020\/07\/tipos-de-chasis-robots-300x168.jpg 300w, http:\/\/guiasytutoriales.es\/disenowebglobal\/websclientes\/domingosanchez3d\/wp-content\/uploads\/2020\/07\/tipos-de-chasis-robots-768x431.jpg 768w, http:\/\/guiasytutoriales.es\/disenowebglobal\/websclientes\/domingosanchez3d\/wp-content\/uploads\/2020\/07\/tipos-de-chasis-robots-750x420.jpg 750w, http:\/\/guiasytutoriales.es\/disenowebglobal\/websclientes\/domingosanchez3d\/wp-content\/uploads\/2020\/07\/tipos-de-chasis-robots-400x224.jpg 400w, http:\/\/guiasytutoriales.es\/disenowebglobal\/websclientes\/domingosanchez3d\/wp-content\/uploads\/2020\/07\/tipos-de-chasis-robots-430x241.jpg 430w, http:\/\/guiasytutoriales.es\/disenowebglobal\/websclientes\/domingosanchez3d\/wp-content\/uploads\/2020\/07\/tipos-de-chasis-robots-150x84.jpg 150w, http:\/\/guiasytutoriales.es\/disenowebglobal\/websclientes\/domingosanchez3d\/wp-content\/uploads\/2020\/07\/tipos-de-chasis-robots-100x56.jpg 100w, http:\/\/guiasytutoriales.es\/disenowebglobal\/websclientes\/domingosanchez3d\/wp-content\/uploads\/2020\/07\/tipos-de-chasis-robots.jpg 1163w\" sizes=\"auto, (max-width: 1024px) 100vw, 1024px\" \/><figcaption>Tipos de robots seg\u00fan su chasis<\/figcaption><\/figure>\n\n\n\n<h3 class=\"wp-block-heading\">2.- Sensores (dispositivos de entrada)<\/h3>\n\n\n\n<p>Un robot debe interactuar con el entorno. Para ello se eligen los sensores adecuados a la tarea a realizar y se sit\u00faan de manera estrat\u00e9gica sobre la estructura. Los sensores m\u00e1s empleados en Rob\u00f3tica Educativa son:<\/p>\n\n\n\n<h4 class=\"wp-block-heading\">Sensor infrarrojo.<\/h4>\n\n\n\n<p>Mide distancia, basado en un sistema de emisi\u00f3n\/recepci\u00f3n de radiaci\u00f3n en el espectro de los infrarrojos (menor que las ondas de radio y mayor que la luz). Tambi\u00e9n sirve para seguir l\u00edneas.<\/p>\n\n\n\n<figure class=\"wp-block-image size-large\"><img loading=\"lazy\" decoding=\"async\" width=\"718\" height=\"268\" src=\"http:\/\/www.domingosanchez3d.es\/wp-content\/uploads\/2020\/07\/sensor-infrarrojo-robot.jpg\" alt=\"\" class=\"wp-image-201\" srcset=\"http:\/\/guiasytutoriales.es\/disenowebglobal\/websclientes\/domingosanchez3d\/wp-content\/uploads\/2020\/07\/sensor-infrarrojo-robot.jpg 718w, http:\/\/guiasytutoriales.es\/disenowebglobal\/websclientes\/domingosanchez3d\/wp-content\/uploads\/2020\/07\/sensor-infrarrojo-robot-300x112.jpg 300w, http:\/\/guiasytutoriales.es\/disenowebglobal\/websclientes\/domingosanchez3d\/wp-content\/uploads\/2020\/07\/sensor-infrarrojo-robot-400x149.jpg 400w, http:\/\/guiasytutoriales.es\/disenowebglobal\/websclientes\/domingosanchez3d\/wp-content\/uploads\/2020\/07\/sensor-infrarrojo-robot-430x161.jpg 430w, http:\/\/guiasytutoriales.es\/disenowebglobal\/websclientes\/domingosanchez3d\/wp-content\/uploads\/2020\/07\/sensor-infrarrojo-robot-150x56.jpg 150w, http:\/\/guiasytutoriales.es\/disenowebglobal\/websclientes\/domingosanchez3d\/wp-content\/uploads\/2020\/07\/sensor-infrarrojo-robot-100x37.jpg 100w\" sizes=\"auto, (max-width: 718px) 100vw, 718px\" \/><figcaption>Sensor infrarrojo para robots<\/figcaption><\/figure>\n\n\n\n<h4 class=\"wp-block-heading\">Sensor de contacto<\/h4>\n\n\n\n<p>Se basa en la utilizaci\u00f3n de pulsadores NA con los que detectar obst\u00e1culos cercanos o finales de carrera.<\/p>\n\n\n\n<p><\/p>\n\n\n\n<figure class=\"wp-block-image size-large\"><img loading=\"lazy\" decoding=\"async\" width=\"472\" height=\"187\" src=\"http:\/\/www.domingosanchez3d.es\/wp-content\/uploads\/2020\/07\/sensor-contacto-robot.jpg\" alt=\"\" class=\"wp-image-203\" srcset=\"http:\/\/guiasytutoriales.es\/disenowebglobal\/websclientes\/domingosanchez3d\/wp-content\/uploads\/2020\/07\/sensor-contacto-robot.jpg 472w, http:\/\/guiasytutoriales.es\/disenowebglobal\/websclientes\/domingosanchez3d\/wp-content\/uploads\/2020\/07\/sensor-contacto-robot-300x119.jpg 300w, http:\/\/guiasytutoriales.es\/disenowebglobal\/websclientes\/domingosanchez3d\/wp-content\/uploads\/2020\/07\/sensor-contacto-robot-400x158.jpg 400w, http:\/\/guiasytutoriales.es\/disenowebglobal\/websclientes\/domingosanchez3d\/wp-content\/uploads\/2020\/07\/sensor-contacto-robot-430x170.jpg 430w, http:\/\/guiasytutoriales.es\/disenowebglobal\/websclientes\/domingosanchez3d\/wp-content\/uploads\/2020\/07\/sensor-contacto-robot-150x59.jpg 150w, http:\/\/guiasytutoriales.es\/disenowebglobal\/websclientes\/domingosanchez3d\/wp-content\/uploads\/2020\/07\/sensor-contacto-robot-100x40.jpg 100w\" sizes=\"auto, (max-width: 472px) 100vw, 472px\" \/><figcaption>Diversos tipos de sensores de contacto<\/figcaption><\/figure>\n\n\n\n<h4 class=\"wp-block-heading\">Sensor de ultrasonido.<\/h4>\n\n\n\n<p>Son muy frecuentes en los robots m\u00f3viles para cualquier tipo de medio (aire, agua), y sirven para detectar objetos y medir distancias. Se utilizan para construir mapas del entorno y evitar obst\u00e1culos.<\/p>\n\n\n\n<figure class=\"wp-block-image size-large\"><img loading=\"lazy\" decoding=\"async\" width=\"351\" height=\"208\" src=\"http:\/\/www.domingosanchez3d.es\/wp-content\/uploads\/2020\/07\/sensor-ultrasonido-robot.jpg\" alt=\"\" class=\"wp-image-204\" srcset=\"http:\/\/guiasytutoriales.es\/disenowebglobal\/websclientes\/domingosanchez3d\/wp-content\/uploads\/2020\/07\/sensor-ultrasonido-robot.jpg 351w, http:\/\/guiasytutoriales.es\/disenowebglobal\/websclientes\/domingosanchez3d\/wp-content\/uploads\/2020\/07\/sensor-ultrasonido-robot-300x178.jpg 300w, http:\/\/guiasytutoriales.es\/disenowebglobal\/websclientes\/domingosanchez3d\/wp-content\/uploads\/2020\/07\/sensor-ultrasonido-robot-150x89.jpg 150w, http:\/\/guiasytutoriales.es\/disenowebglobal\/websclientes\/domingosanchez3d\/wp-content\/uploads\/2020\/07\/sensor-ultrasonido-robot-100x59.jpg 100w\" sizes=\"auto, (max-width: 351px) 100vw, 351px\" \/><figcaption>Sensor de ultrasonido para robots<\/figcaption><\/figure>\n\n\n\n<h4 class=\"wp-block-heading\">Sensor de luz LDR<\/h4>\n\n\n\n<p>Emplea LDRs, que son resistencias dependientes de la luz. A mayor luminosidad menor resistencia, y viceversa. Nos permiten guiar robots seg\u00fan la iluminaci\u00f3n ambiente.<\/p>\n\n\n\n<p><\/p>\n\n\n\n<figure class=\"wp-block-image size-large\"><img loading=\"lazy\" decoding=\"async\" width=\"777\" height=\"247\" src=\"http:\/\/www.domingosanchez3d.es\/wp-content\/uploads\/2020\/07\/sensor-luz-ldr-robot.jpg\" alt=\"\" class=\"wp-image-205\" srcset=\"http:\/\/guiasytutoriales.es\/disenowebglobal\/websclientes\/domingosanchez3d\/wp-content\/uploads\/2020\/07\/sensor-luz-ldr-robot.jpg 777w, http:\/\/guiasytutoriales.es\/disenowebglobal\/websclientes\/domingosanchez3d\/wp-content\/uploads\/2020\/07\/sensor-luz-ldr-robot-300x95.jpg 300w, http:\/\/guiasytutoriales.es\/disenowebglobal\/websclientes\/domingosanchez3d\/wp-content\/uploads\/2020\/07\/sensor-luz-ldr-robot-768x244.jpg 768w, http:\/\/guiasytutoriales.es\/disenowebglobal\/websclientes\/domingosanchez3d\/wp-content\/uploads\/2020\/07\/sensor-luz-ldr-robot-750x238.jpg 750w, http:\/\/guiasytutoriales.es\/disenowebglobal\/websclientes\/domingosanchez3d\/wp-content\/uploads\/2020\/07\/sensor-luz-ldr-robot-400x127.jpg 400w, http:\/\/guiasytutoriales.es\/disenowebglobal\/websclientes\/domingosanchez3d\/wp-content\/uploads\/2020\/07\/sensor-luz-ldr-robot-430x137.jpg 430w, http:\/\/guiasytutoriales.es\/disenowebglobal\/websclientes\/domingosanchez3d\/wp-content\/uploads\/2020\/07\/sensor-luz-ldr-robot-150x48.jpg 150w, http:\/\/guiasytutoriales.es\/disenowebglobal\/websclientes\/domingosanchez3d\/wp-content\/uploads\/2020\/07\/sensor-luz-ldr-robot-100x32.jpg 100w\" sizes=\"auto, (max-width: 777px) 100vw, 777px\" \/><figcaption>Resistencias LDR, sensores de luz<\/figcaption><\/figure>\n\n\n\n<h3 class=\"wp-block-heading\">3.- Actuadores (dispositivos de salida)<\/h3>\n\n\n\n<p>El robot capta y procesa los datos del entorno, para reaccionar en funci\u00f3n de la informaci\u00f3n recibida. Estas acciones, directas o inducidas, se llevan a cabo mediante el uso de actuadores. Los m\u00e1s empleados son los motores (servomotores, servomotores RC, motores paso a paso, motores RC, rotores para drones\u2026). Tambi\u00e9n son actuadores la bombilla, el LED, las tiras LED, las matrices LED, el zumbador (activo o pasivo)\u2026<\/p>\n\n\n\n<figure class=\"wp-block-image size-large\"><img loading=\"lazy\" decoding=\"async\" width=\"996\" height=\"357\" src=\"http:\/\/www.domingosanchez3d.es\/wp-content\/uploads\/2020\/07\/actuadores-motor-robot.jpg\" alt=\"\" class=\"wp-image-207\" srcset=\"http:\/\/guiasytutoriales.es\/disenowebglobal\/websclientes\/domingosanchez3d\/wp-content\/uploads\/2020\/07\/actuadores-motor-robot.jpg 996w, http:\/\/guiasytutoriales.es\/disenowebglobal\/websclientes\/domingosanchez3d\/wp-content\/uploads\/2020\/07\/actuadores-motor-robot-300x108.jpg 300w, http:\/\/guiasytutoriales.es\/disenowebglobal\/websclientes\/domingosanchez3d\/wp-content\/uploads\/2020\/07\/actuadores-motor-robot-768x275.jpg 768w, http:\/\/guiasytutoriales.es\/disenowebglobal\/websclientes\/domingosanchez3d\/wp-content\/uploads\/2020\/07\/actuadores-motor-robot-750x269.jpg 750w, http:\/\/guiasytutoriales.es\/disenowebglobal\/websclientes\/domingosanchez3d\/wp-content\/uploads\/2020\/07\/actuadores-motor-robot-400x143.jpg 400w, http:\/\/guiasytutoriales.es\/disenowebglobal\/websclientes\/domingosanchez3d\/wp-content\/uploads\/2020\/07\/actuadores-motor-robot-430x154.jpg 430w, http:\/\/guiasytutoriales.es\/disenowebglobal\/websclientes\/domingosanchez3d\/wp-content\/uploads\/2020\/07\/actuadores-motor-robot-150x54.jpg 150w, http:\/\/guiasytutoriales.es\/disenowebglobal\/websclientes\/domingosanchez3d\/wp-content\/uploads\/2020\/07\/actuadores-motor-robot-100x36.jpg 100w\" sizes=\"auto, (max-width: 996px) 100vw, 996px\" \/><figcaption>Tipos de motores para robots<\/figcaption><\/figure>\n\n\n\n<p><\/p>\n\n\n\n<h3 class=\"wp-block-heading\">4.- Tarjeta de control (cerebro del robot)<\/h3>\n\n\n\n<p>Debe existir una coordinaci\u00f3n entre las distintas partes del robot, para que las acciones respondan correctamente a los est\u00edmulos externos seg\u00fan una l\u00f3gica de control. \u00c9sta es la funci\u00f3n de una tarjeta de control o placa controladora (Crumble, Arduino, EV3 de LEGO\u2026). Se trata de sistemas basados en microcontroladores, que programados de manera conveniente resuelven de forma \u00f3ptima los objetivos de una aplicaci\u00f3n.<\/p>\n\n\n\n<p>Las <strong>controladoras<\/strong> son el cerebro del robot. Se encargan de reconocer la informaci\u00f3n que viene del exterior a trav\u00e9s de los sensores y hacer funcionar los actuadores conforme al programa almacenado en su memoria. Las controladoras son dispositivos de entrada\/salida, para facilitar la interacci\u00f3n con el entorno. Disponen de conexiones para entradas y salidas, que pueden ser anal\u00f3gicas (muchos estados) y digitales (dos estados).<\/p>\n\n\n\n<p><\/p>\n\n\n\n<figure class=\"wp-block-image size-large\"><img loading=\"lazy\" decoding=\"async\" width=\"1024\" height=\"343\" src=\"http:\/\/www.domingosanchez3d.es\/wp-content\/uploads\/2020\/07\/tarjeta-control-robot-1024x343.jpg\" alt=\"\" class=\"wp-image-208\" srcset=\"http:\/\/guiasytutoriales.es\/disenowebglobal\/websclientes\/domingosanchez3d\/wp-content\/uploads\/2020\/07\/tarjeta-control-robot-1024x343.jpg 1024w, http:\/\/guiasytutoriales.es\/disenowebglobal\/websclientes\/domingosanchez3d\/wp-content\/uploads\/2020\/07\/tarjeta-control-robot-300x101.jpg 300w, http:\/\/guiasytutoriales.es\/disenowebglobal\/websclientes\/domingosanchez3d\/wp-content\/uploads\/2020\/07\/tarjeta-control-robot-768x257.jpg 768w, http:\/\/guiasytutoriales.es\/disenowebglobal\/websclientes\/domingosanchez3d\/wp-content\/uploads\/2020\/07\/tarjeta-control-robot-750x251.jpg 750w, http:\/\/guiasytutoriales.es\/disenowebglobal\/websclientes\/domingosanchez3d\/wp-content\/uploads\/2020\/07\/tarjeta-control-robot-400x134.jpg 400w, http:\/\/guiasytutoriales.es\/disenowebglobal\/websclientes\/domingosanchez3d\/wp-content\/uploads\/2020\/07\/tarjeta-control-robot-430x144.jpg 430w, http:\/\/guiasytutoriales.es\/disenowebglobal\/websclientes\/domingosanchez3d\/wp-content\/uploads\/2020\/07\/tarjeta-control-robot-150x50.jpg 150w, http:\/\/guiasytutoriales.es\/disenowebglobal\/websclientes\/domingosanchez3d\/wp-content\/uploads\/2020\/07\/tarjeta-control-robot-100x34.jpg 100w, http:\/\/guiasytutoriales.es\/disenowebglobal\/websclientes\/domingosanchez3d\/wp-content\/uploads\/2020\/07\/tarjeta-control-robot.jpg 1200w\" sizes=\"auto, (max-width: 1024px) 100vw, 1024px\" \/><figcaption>Algunas de las m\u00e1s populares tarjetas de control para robots<\/figcaption><\/figure>\n\n\n\n<h2 class=\"wp-block-heading\">Enlaces para simulaci\u00f3n rob\u00f3tica<\/h2>\n\n\n\n<p><strong>Etoys<\/strong> es un entorno programable con licencia MIT y gestionado por la Fundaci\u00f3n Squeakland. Adecuado para Educaci\u00f3n Primaria y Secundaria. La \u00faltima versi\u00f3n es Etoys 5, es software gratuito y requiere instalaci\u00f3n. Ver tutorial en <a rel=\"noreferrer noopener\" href=\"https:\/\/youtu.be\/UhgZ78UFQdI\" target=\"_blank\">este enlace<\/a>.<\/p>\n\n\n\n<p><strong>Open Roberta Lab<\/strong> es un entorno programable multiplataforma, gestionado por la Sociedad Fraunhofer de Alemania. Adecuado para Secundaria. Se trabaja en l\u00ednea, requiere registro del usuario, es software gratuito y permite guardar los programas de las simulaciones con diferentes robots. En <a rel=\"noreferrer noopener\" href=\"https:\/\/juegosrobotica.es\/primer-programa-open-roberta\/\" target=\"_blank\">este enlace<\/a> se facilita la informaci\u00f3n necesaria para conseguir que la simulaci\u00f3n con Roberta se traslade al robot f\u00edsico Lego Mindstorms EV3.<\/p>\n\n\n\n<p>Tambi\u00e9n incluyo un <strong>Simulador de Brazo Rob\u00f3tico<\/strong>. Es gratuito y requiere instalaci\u00f3n en el ordenador. Trabaja a 32 bits, pero puedes conseguir que funcione a 64 bits. Para ello debes hacer clic derecho sobre el acceso directo y seleccionar Ejecutar con procesador gr\u00e1fico\/Procesador NVIDIA de alto rendimiento.<\/p>\n\n\n\n<p><\/p>\n\n\n\n<div class=\"wp-block-buttons is-layout-flex wp-block-buttons-is-layout-flex\">\n<div class=\"wp-block-button is-style-outline is-style-outline--1\"><a class=\"wp-block-button__link\" href=\"http:\/\/www.squeakland.org\/download\/\" target=\"_blank\" rel=\"noreferrer noopener\"><img loading=\"lazy\" decoding=\"async\" width=\"150\" height=\"66\" class=\"wp-image-308\" style=\"width: 150px;\" src=\"http:\/\/www.domingosanchez3d.es\/wp-content\/uploads\/2020\/08\/Logo_Etoys.jpg\" alt=\"\" srcset=\"http:\/\/guiasytutoriales.es\/disenowebglobal\/websclientes\/domingosanchez3d\/wp-content\/uploads\/2020\/08\/Logo_Etoys.jpg 412w, http:\/\/guiasytutoriales.es\/disenowebglobal\/websclientes\/domingosanchez3d\/wp-content\/uploads\/2020\/08\/Logo_Etoys-300x131.jpg 300w, http:\/\/guiasytutoriales.es\/disenowebglobal\/websclientes\/domingosanchez3d\/wp-content\/uploads\/2020\/08\/Logo_Etoys-400x175.jpg 400w, http:\/\/guiasytutoriales.es\/disenowebglobal\/websclientes\/domingosanchez3d\/wp-content\/uploads\/2020\/08\/Logo_Etoys-150x66.jpg 150w, http:\/\/guiasytutoriales.es\/disenowebglobal\/websclientes\/domingosanchez3d\/wp-content\/uploads\/2020\/08\/Logo_Etoys-100x44.jpg 100w\" sizes=\"auto, (max-width: 150px) 100vw, 150px\" \/><\/a><\/div>\n\n\n\n<div class=\"wp-block-button is-style-outline is-style-outline--2\"><a class=\"wp-block-button__link\" href=\"https:\/\/lab.open-roberta.org\/\" target=\"_blank\" rel=\"noreferrer noopener\"><img loading=\"lazy\" decoding=\"async\" width=\"150\" height=\"62\" class=\"wp-image-309\" style=\"width: 150px;\" src=\"http:\/\/www.domingosanchez3d.es\/wp-content\/uploads\/2020\/08\/Open_Roberta_Lab.jpg\" alt=\"\" srcset=\"http:\/\/guiasytutoriales.es\/disenowebglobal\/websclientes\/domingosanchez3d\/wp-content\/uploads\/2020\/08\/Open_Roberta_Lab.jpg 412w, http:\/\/guiasytutoriales.es\/disenowebglobal\/websclientes\/domingosanchez3d\/wp-content\/uploads\/2020\/08\/Open_Roberta_Lab-300x124.jpg 300w, http:\/\/guiasytutoriales.es\/disenowebglobal\/websclientes\/domingosanchez3d\/wp-content\/uploads\/2020\/08\/Open_Roberta_Lab-400x165.jpg 400w, http:\/\/guiasytutoriales.es\/disenowebglobal\/websclientes\/domingosanchez3d\/wp-content\/uploads\/2020\/08\/Open_Roberta_Lab-150x62.jpg 150w, http:\/\/guiasytutoriales.es\/disenowebglobal\/websclientes\/domingosanchez3d\/wp-content\/uploads\/2020\/08\/Open_Roberta_Lab-100x41.jpg 100w\" sizes=\"auto, (max-width: 150px) 100vw, 150px\" \/><\/a><\/div>\n\n\n\n<div class=\"wp-block-button is-style-outline is-style-outline--3\"><a class=\"wp-block-button__link\" href=\"https:\/\/sites.google.com\/site\/proyectosroboticos\/Descargar-Simuladores\" target=\"_blank\" rel=\"noreferrer noopener\"><img loading=\"lazy\" decoding=\"async\" width=\"150\" height=\"68\" class=\"wp-image-318\" style=\"width: 150px;\" src=\"http:\/\/www.domingosanchez3d.es\/wp-content\/uploads\/2020\/08\/Simulador_Brazo_Robot.jpg\" alt=\"\" srcset=\"http:\/\/guiasytutoriales.es\/disenowebglobal\/websclientes\/domingosanchez3d\/wp-content\/uploads\/2020\/08\/Simulador_Brazo_Robot.jpg 412w, http:\/\/guiasytutoriales.es\/disenowebglobal\/websclientes\/domingosanchez3d\/wp-content\/uploads\/2020\/08\/Simulador_Brazo_Robot-300x137.jpg 300w, http:\/\/guiasytutoriales.es\/disenowebglobal\/websclientes\/domingosanchez3d\/wp-content\/uploads\/2020\/08\/Simulador_Brazo_Robot-400x183.jpg 400w, http:\/\/guiasytutoriales.es\/disenowebglobal\/websclientes\/domingosanchez3d\/wp-content\/uploads\/2020\/08\/Simulador_Brazo_Robot-150x68.jpg 150w, http:\/\/guiasytutoriales.es\/disenowebglobal\/websclientes\/domingosanchez3d\/wp-content\/uploads\/2020\/08\/Simulador_Brazo_Robot-100x46.jpg 100w\" sizes=\"auto, (max-width: 150px) 100vw, 150px\" \/><\/a><\/div>\n<\/div>\n\n\n\n<p class=\"has-text-align-right\"><em><strong>Domingo S\u00e1nchez<\/strong><\/em><br>Ingeniero Industrial<br>M\u00e1ster en Sistemas Inteligentes<br>Experto Universitario en Rob\u00f3tica, Programaci\u00f3n e Impresi\u00f3n 3D<\/p>\n\n\n","protected":false},"excerpt":{"rendered":"<p>Partes de un Robot La Rob\u00f3tica es una rama de las ingenier\u00edas mec\u00e1nica, el\u00e9ctrica, electr\u00f3nica, biom\u00e9dica y de las ciencias de la computaci\u00f3n, que se ocupa del dise\u00f1o, construcci\u00f3n, programaci\u00f3n [&hellip;]<\/p>\n","protected":false},"author":1,"featured_media":197,"parent":0,"menu_order":0,"comment_status":"closed","ping_status":"closed","template":"","meta":{"footnotes":""},"class_list":["post-30","page","type-page","status-publish","has-post-thumbnail","hentry"],"_links":{"self":[{"href":"http:\/\/guiasytutoriales.es\/disenowebglobal\/websclientes\/domingosanchez3d\/wp-json\/wp\/v2\/pages\/30","targetHints":{"allow":["GET"]}}],"collection":[{"href":"http:\/\/guiasytutoriales.es\/disenowebglobal\/websclientes\/domingosanchez3d\/wp-json\/wp\/v2\/pages"}],"about":[{"href":"http:\/\/guiasytutoriales.es\/disenowebglobal\/websclientes\/domingosanchez3d\/wp-json\/wp\/v2\/types\/page"}],"author":[{"embeddable":true,"href":"http:\/\/guiasytutoriales.es\/disenowebglobal\/websclientes\/domingosanchez3d\/wp-json\/wp\/v2\/users\/1"}],"replies":[{"embeddable":true,"href":"http:\/\/guiasytutoriales.es\/disenowebglobal\/websclientes\/domingosanchez3d\/wp-json\/wp\/v2\/comments?post=30"}],"version-history":[{"count":38,"href":"http:\/\/guiasytutoriales.es\/disenowebglobal\/websclientes\/domingosanchez3d\/wp-json\/wp\/v2\/pages\/30\/revisions"}],"predecessor-version":[{"id":445,"href":"http:\/\/guiasytutoriales.es\/disenowebglobal\/websclientes\/domingosanchez3d\/wp-json\/wp\/v2\/pages\/30\/revisions\/445"}],"wp:featuredmedia":[{"embeddable":true,"href":"http:\/\/guiasytutoriales.es\/disenowebglobal\/websclientes\/domingosanchez3d\/wp-json\/wp\/v2\/media\/197"}],"wp:attachment":[{"href":"http:\/\/guiasytutoriales.es\/disenowebglobal\/websclientes\/domingosanchez3d\/wp-json\/wp\/v2\/media?parent=30"}],"curies":[{"name":"wp","href":"https:\/\/api.w.org\/{rel}","templated":true}]}}