{"id":265,"date":"2020-08-02T19:19:19","date_gmt":"2020-08-02T19:19:19","guid":{"rendered":"http:\/\/www.domingosanchez3d.es\/?page_id=265"},"modified":"2020-08-02T19:19:19","modified_gmt":"2020-08-02T19:19:19","slug":"recursos-para-fomentar-la-programacion","status":"publish","type":"page","link":"http:\/\/guiasytutoriales.es\/disenowebglobal\/websclientes\/domingosanchez3d\/recursos-para-fomentar-la-programacion\/","title":{"rendered":"Recursos para fomentar la programaci\u00f3n"},"content":{"rendered":"<p>A continuaci\u00f3n, te proponemos una serie de enlaces interesantes que pueden ser \u00fatiles para los profesores de diferentes etapas educativas:<\/p>\n<h2>Infantil<\/h2>\n<ul>\n<li><a href=\"https:\/\/www.google.com\/doodles\/celebrating-50-years-of-kids-coding\" target=\"_blank\" rel=\"noopener noreferrer\">Kids Coding<\/a><\/li>\n<\/ul>\n<h2>Primaria<\/h2>\n<ul>\n<li><a href=\"https:\/\/studio.code.org\/s\/frozen\/stage\/1\/puzzle\/1\" target=\"_blank\" rel=\"noopener noreferrer\">Frozen<\/a><\/li>\n<li><a href=\"https:\/\/studio.code.org\/s\/dance\/stage\/1\/puzzle\/1\" target=\"_blank\" rel=\"noopener noreferrer\">Dance Party<\/a><\/li>\n<li><a href=\"https:\/\/studio.code.org\/s\/dance-extras\/stage\/1\/puzzle\/1\" target=\"_blank\" rel=\"noopener noreferrer\">Keep on Dancing!<\/a><\/li>\n<li><a href=\"http:\/\/lightbot.com\/flash.html\" target=\"_blank\" rel=\"noopener noreferrer\">Lightbot<\/a><\/li>\n<\/ul>\n<h2>Secundaria<\/h2>\n<ul>\n<li><a href=\"https:\/\/blockly-games.appspot.com\/\" target=\"_blank\" rel=\"noopener noreferrer\">Blockly<\/a><\/li>\n<li><a href=\"https:\/\/www.blockscad3d.com\/\" target=\"_blank\" rel=\"noopener noreferrer\">BlocksCAD<\/a><\/li>\n<li><a href=\"https:\/\/scratch.mit.edu\/\" target=\"_blank\" rel=\"noopener noreferrer\">Scratch<\/a><\/li>\n<li><a href=\"https:\/\/es.khanacademy.org\/computing\/hour-of-code\/hour-of-drawing-code\/pp\/project-self-portrait\" target=\"_blank\" rel=\"noopener noreferrer\">Processing JS<\/a><\/li>\n<\/ul>\n","protected":false},"excerpt":{"rendered":"<p>A continuaci\u00f3n, te proponemos una serie de enlaces interesantes que pueden ser \u00fatiles para los profesores de diferentes etapas educativas: Infantil Kids Coding Primaria Frozen Dance Party Keep on Dancing! [&hellip;]<\/p>\n","protected":false},"author":1,"featured_media":261,"parent":0,"menu_order":0,"comment_status":"closed","ping_status":"closed","template":"","meta":{"footnotes":""},"class_list":["post-265","page","type-page","status-publish","has-post-thumbnail","hentry"],"_links":{"self":[{"href":"http:\/\/guiasytutoriales.es\/disenowebglobal\/websclientes\/domingosanchez3d\/wp-json\/wp\/v2\/pages\/265","targetHints":{"allow":["GET"]}}],"collection":[{"href":"http:\/\/guiasytutoriales.es\/disenowebglobal\/websclientes\/domingosanchez3d\/wp-json\/wp\/v2\/pages"}],"about":[{"href":"http:\/\/guiasytutoriales.es\/disenowebglobal\/websclientes\/domingosanchez3d\/wp-json\/wp\/v2\/types\/page"}],"author":[{"embeddable":true,"href":"http:\/\/guiasytutoriales.es\/disenowebglobal\/websclientes\/domingosanchez3d\/wp-json\/wp\/v2\/users\/1"}],"replies":[{"embeddable":true,"href":"http:\/\/guiasytutoriales.es\/disenowebglobal\/websclientes\/domingosanchez3d\/wp-json\/wp\/v2\/comments?post=265"}],"version-history":[{"count":1,"href":"http:\/\/guiasytutoriales.es\/disenowebglobal\/websclientes\/domingosanchez3d\/wp-json\/wp\/v2\/pages\/265\/revisions"}],"predecessor-version":[{"id":267,"href":"http:\/\/guiasytutoriales.es\/disenowebglobal\/websclientes\/domingosanchez3d\/wp-json\/wp\/v2\/pages\/265\/revisions\/267"}],"wp:featuredmedia":[{"embeddable":true,"href":"http:\/\/guiasytutoriales.es\/disenowebglobal\/websclientes\/domingosanchez3d\/wp-json\/wp\/v2\/media\/261"}],"wp:attachment":[{"href":"http:\/\/guiasytutoriales.es\/disenowebglobal\/websclientes\/domingosanchez3d\/wp-json\/wp\/v2\/media?parent=265"}],"curies":[{"name":"wp","href":"https:\/\/api.w.org\/{rel}","templated":true}]}}